{"id":13,"date":"2019-11-30T13:45:40","date_gmt":"2019-11-30T13:45:40","guid":{"rendered":"http:\/\/fiestahomebuyers.com\/es\/?page_id=13"},"modified":"2019-12-22T20:08:17","modified_gmt":"2019-12-22T20:08:17","slug":"sobre-nosotros","status":"publish","type":"page","link":"https:\/\/fiestahomebuyers.com\/es\/sobre-nosotros\/","title":{"rendered":"Sobre Nosotros"},"content":{"rendered":"\n<b><div style=\"font-size: 42px; text-align: center;\">Sobre Nosotros<\/div><\/b>\n<div style=\"line-height: 22px\">&nbsp;<\/div>\n\n\n\n<div class=\"wp-block-image\"><figure class=\"alignleft size-large\"><img data-recalc-dims=\"1\" decoding=\"async\" width=\"138\" height=\"137\" src=\"https:\/\/i0.wp.com\/pgs.gya.temporary.site\/es\/wp-content\/uploads\/2019\/12\/emblem-flattened-w138-Copy.jpg?resize=138%2C137&#038;ssl=1\" alt=\"\" class=\"wp-image-207\"\/><\/figure><\/div>\n\n\n\n<p class=\"has-medium-font-size\">Somos un grupo de empresarios en Florida que est\u00e1 buscando hacer crecer nuestro portfolio inmobiliario. Si usted es due\u00f1o de una casa y est\u00e1 planeando venderla, nos encantar\u00eda hablar con usted. Ya sea que se encuentre en una situaci\u00f3n financiera delicada o que su propiedad tenga algunas cuestiones especiales a considerar, usted puede confiar en que nosotros le ayudaremos a venderla de forma r\u00e1pida y profesional.  El primer paso es contactarnos para que podamos proporcionarle una oferta sobre el valor justo de su propiedad. Si usted la acepta, la transferencia final de la propiedad podr\u00eda llevarse a cabo en incluso tan solo 3 semanas. Mientras que buscamos que usted tenga \u00e9xito en la transacci\u00f3n, navegaremos a trav\u00e9s de las frustrantes cuestiones legales para que usted no tenga que hacerlo. Despu\u00e9s de la venta tenemos la opci\u00f3n de renovar la casa o venderla a un tercero renovador. <\/p>\n\n\n\n<p class=\"has-medium-font-size\">Como cada vendedor y propiedad es diferente, despu\u00e9s de la transferencia final nosotros ofrecemos opciones tales como la entrega de un pago por adelantado en una cantidad en efectivo adem\u00e1s de pagos mensuales residuales. Un plan de pagos mensuales es la \u00fanica opci\u00f3n para las personas cuya casa est\u00e1 a punto de sufrir una ejecuci\u00f3n hipotecaria o que se encuentra en alg\u00fan otro tipo de situaci\u00f3n precaria. Es como cuando el ganador de un premio de la loter\u00eda acepta recibir pagos mensuales en lugar de una cantidad \u00fanica pues a largo plazo sabe que estar\u00e1 obteniendo m\u00e1s dinero.<\/p>\n\n\n\n<p class=\"has-medium-font-size\">Adem\u00e1s de los tratos previos a una ejecuci\u00f3n hipotecaria, hay algunas categor\u00edas adicionales en las que puede estar una casa que impulsar\u00edan a un vendedor a visitarnos en lugar de a un agente de bienes ra\u00edces. Hay cuestiones tales como herencias (testamentaria), reubicaci\u00f3n por empleo, divorcio, reubicaci\u00f3n de adultos mayores o incluso arrendadores cansados que quieren seguir adelante. Existe un proceso engorroso de transferencia final de propiedad para cada una de estas categor\u00edas y los agentes de bienes ra\u00edces prefieren trabajar en transacciones para las que est\u00e1n m\u00e1s calificados. Como nosotros ya contamos con un proceso sistem\u00e1tico por aplicar, el vendedor puede enfocarse en la libertad de mudarse sin tener que estar al pendiente de todo lo que est\u00e1 sucediendo.<\/p>\n","protected":false},"excerpt":{"rendered":"<p>Sobre Nosotros &nbsp; Somos un grupo de empresarios en Florida que est\u00e1 buscando hacer crecer nuestro portfolio inmobiliario. Si usted es due\u00f1o de una casa y est\u00e1 planeando venderla, nos encantar\u00eda hablar con usted. Ya sea que se encuentre en&#8230;<\/p>\n","protected":false},"author":1,"featured_media":0,"parent":0,"menu_order":0,"comment_status":"closed","ping_status":"closed","template":"","meta":{"nf_dc_page":"","om_disable_all_campaigns":false,"_monsterinsights_skip_tracking":false,"_monsterinsights_sitenote_active":false,"_monsterinsights_sitenote_note":"","_monsterinsights_sitenote_category":0,"footnotes":""},"class_list":["post-13","page","type-page","status-publish","hentry"],"jetpack_sharing_enabled":true,"_links":{"self":[{"href":"https:\/\/fiestahomebuyers.com\/es\/wp-json\/wp\/v2\/pages\/13","targetHints":{"allow":["GET"]}}],"collection":[{"href":"https:\/\/fiestahomebuyers.com\/es\/wp-json\/wp\/v2\/pages"}],"about":[{"href":"https:\/\/fiestahomebuyers.com\/es\/wp-json\/wp\/v2\/types\/page"}],"author":[{"embeddable":true,"href":"https:\/\/fiestahomebuyers.com\/es\/wp-json\/wp\/v2\/users\/1"}],"replies":[{"embeddable":true,"href":"https:\/\/fiestahomebuyers.com\/es\/wp-json\/wp\/v2\/comments?post=13"}],"version-history":[{"count":16,"href":"https:\/\/fiestahomebuyers.com\/es\/wp-json\/wp\/v2\/pages\/13\/revisions"}],"predecessor-version":[{"id":276,"href":"https:\/\/fiestahomebuyers.com\/es\/wp-json\/wp\/v2\/pages\/13\/revisions\/276"}],"wp:attachment":[{"href":"https:\/\/fiestahomebuyers.com\/es\/wp-json\/wp\/v2\/media?parent=13"}],"curies":[{"name":"wp","href":"https:\/\/api.w.org\/{rel}","templated":true}]}}